{"id":153,"date":"2015-07-20T12:12:31","date_gmt":"2015-07-20T12:12:31","guid":{"rendered":"http:\/\/wellness-spa.cmsmasters.net\/?page_id=153"},"modified":"2019-05-17T01:58:02","modified_gmt":"2019-05-16T23:58:02","slug":"%d1%81ontact","status":"publish","type":"page","link":"https:\/\/healthclub-esplanade.com\/hr\/%d1%81ontact\/","title":{"rendered":"Kontakt"},"content":{"rendered":"<style type=\"text\/css\"> \n#cmsmasters_row_69d028429e8738_58149000 .cmsmasters_row_outer_parent { \n\tpadding-top: 70px; \n} \n\n#cmsmasters_row_69d028429e8738_58149000 .cmsmasters_row_outer_parent { \n\tpadding-bottom: 80px; \n} \n\n \n#cmsmasters_heading_69d028429eb618_25893946 { \n\ttext-align:left; \n\tmargin-top:15px; \n\tmargin-bottom:20px; \n} \n\n#cmsmasters_heading_69d028429eb618_25893946 .cmsmasters_heading { \n\ttext-align:left; \n} \n\n#cmsmasters_heading_69d028429eb618_25893946 .cmsmasters_heading, #cmsmasters_heading_69d028429eb618_25893946 .cmsmasters_heading a { \n\tfont-weight:300; \n\tfont-style:normal; \n} \n\n#cmsmasters_heading_69d028429eb618_25893946 .cmsmasters_heading_divider { \n} \n\n \n#cmsmasters_divider_69d02842aca7b3_92119185 { \n\tborder-bottom-width:1px; \n\tborder-bottom-style:solid; \n\tpadding-top:20px; \n\tmargin-bottom:20px; \n} \n #cmsmasters_icon_list_items_69d02842acad98_38133524 { \n\tpadding-left:40px; \n} \n\n#cmsmasters_icon_list_items_69d02842acad98_38133524 .cmsmasters_icon_list_item:before { \n\tfont-size:20px; \n\tleft:-40px; \n} \n\n.cmsmasters_icon_list_items #cmsmasters_icon_list_item_69d02842acb550_84388247:before { \n\tcolor:#7fc8b7;\n} \n\n.cmsmasters_icon_list_items #cmsmasters_icon_list_item_69d02842acb791_48474515:before { \n\tcolor:#7fc8b7;\n} \n\n.cmsmasters_icon_list_items #cmsmasters_icon_list_item_69d02842acb964_72656839:before { \n\tcolor:#7fc8b7;\n} \n\n.cmsmasters_icon_list_items #cmsmasters_icon_list_item_69d02842acbb22_08555832:before { \n\tcolor:#7fc8b7;\n} \n \n#cmsmasters_row_69d02842acbf44_34608298 { \n\tbackground-color:#4c4c4c;\n} \n\n#cmsmasters_row_69d02842acbf44_34608298 .cmsmasters_row_outer_parent { \n\tpadding-top: 90px; \n} \n\n#cmsmasters_row_69d02842acbf44_34608298 .cmsmasters_row_outer_parent { \n\tpadding-bottom: 90px; \n} \n\n \n#cmsmasters_divider_69d02842ad1472_81618510 { \n\tborder-bottom-width:0px; \n\tborder-bottom-style:solid; \n\tpadding-top:10px; \n\tmargin-bottom:10px; \n} \n \n#cmsmasters_heading_69d02842ad19c8_76146475 { \n\ttext-align:left; \n\tmargin-top:0px; \n\tmargin-bottom:5px; \n} \n\n#cmsmasters_heading_69d02842ad19c8_76146475 .cmsmasters_heading { \n\ttext-align:left; \n} \n\n#cmsmasters_heading_69d02842ad19c8_76146475 .cmsmasters_heading, #cmsmasters_heading_69d02842ad19c8_76146475 .cmsmasters_heading a { \n\tfont-size:20px; \n\tline-height:36px; \n\tfont-weight:300; \n\tfont-style:normal; \n\tcolor:#ffffff;\n} \n\n#cmsmasters_heading_69d02842ad19c8_76146475 .cmsmasters_heading_divider { \n} \n\n \n#cmsmasters_heading_69d02842ad1dc3_92905022 { \n\ttext-align:left; \n\tmargin-top:0px; \n\tmargin-bottom:5px; \n} \n\n#cmsmasters_heading_69d02842ad1dc3_92905022 .cmsmasters_heading { \n\ttext-align:left; \n} \n\n#cmsmasters_heading_69d02842ad1dc3_92905022 .cmsmasters_heading, #cmsmasters_heading_69d02842ad1dc3_92905022 .cmsmasters_heading a { \n\tfont-size:14px; \n\tline-height:36px; \n\tfont-weight:300; \n\tfont-style:normal; \n\tcolor:#ffffff;\n} \n\n#cmsmasters_heading_69d02842ad1dc3_92905022 .cmsmasters_heading_divider { \n} \n\n \n#cmsmasters_heading_69d02842ad21f4_39654251 { \n\ttext-align:left; \n\tmargin-top:0px; \n\tmargin-bottom:0px; \n} \n\n#cmsmasters_heading_69d02842ad21f4_39654251 .cmsmasters_heading { \n\ttext-align:left; \n} \n\n#cmsmasters_heading_69d02842ad21f4_39654251 .cmsmasters_heading, #cmsmasters_heading_69d02842ad21f4_39654251 .cmsmasters_heading a { \n\tfont-size:14px; \n\tline-height:36px; \n\tfont-weight:300; \n\tfont-style:normal; \n\tcolor:#ffffff;\n} \n\n#cmsmasters_heading_69d02842ad21f4_39654251 .cmsmasters_heading_divider { \n} \n\n \n#cmsmasters_heading_69d02842ad2569_81046369 { \n\ttext-align:left; \n\tmargin-top:0px; \n\tmargin-bottom:0px; \n} \n\n#cmsmasters_heading_69d02842ad2569_81046369 .cmsmasters_heading { \n\ttext-align:left; \n} \n\n#cmsmasters_heading_69d02842ad2569_81046369 .cmsmasters_heading, #cmsmasters_heading_69d02842ad2569_81046369 .cmsmasters_heading a { \n\tfont-size:14px; \n\tline-height:36px; \n\tfont-weight:300; \n\tfont-style:normal; \n\tcolor:#ffffff;\n} \n\n#cmsmasters_heading_69d02842ad2569_81046369 .cmsmasters_heading_divider { \n} \n\n \n#cmsmasters_heading_69d02842ad2887_52514827 { \n\ttext-align:left; \n\tmargin-top:0px; \n\tmargin-bottom:0px; \n} \n\n#cmsmasters_heading_69d02842ad2887_52514827 .cmsmasters_heading { \n\ttext-align:left; \n} \n\n#cmsmasters_heading_69d02842ad2887_52514827 .cmsmasters_heading, #cmsmasters_heading_69d02842ad2887_52514827 .cmsmasters_heading a { \n\tfont-size:14px; \n\tline-height:36px; \n\tfont-weight:300; \n\tfont-style:normal; \n\tcolor:#ffffff;\n} \n\n#cmsmasters_heading_69d02842ad2887_52514827 .cmsmasters_heading_divider { \n} \n\n \n#cmsmasters_divider_69d02842ad2ab7_88498735 { \n\tborder-bottom-width:0px; \n\tborder-bottom-style:solid; \n\tpadding-top:20px; \n\tmargin-bottom:35px; \n} \n\n#cmsmasters_button_69d02842ad2d36_78895380 { \n\tfloat:left; \n} \n\n#cmsmasters_button_69d02842ad2d36_78895380 .cmsmasters_button:before { \n\tmargin-right:.5em; \n\tmargin-left:0; \n\tvertical-align:baseline; \n} \n\n#cmsmasters_button_69d02842ad2d36_78895380 .cmsmasters_button { \n\tfont-weight:700; \n\tfont-style:normal; \n\tborder-style:solid; \n} \n#cmsmasters_button_69d02842ad2d36_78895380 .cmsmasters_button:hover { \n\tbackground-color:rgba(29,185,105,0);\n\tcolor:#ffffff;\n\tborder-color:#ffffff;\n} \n \n#cmsmasters_heading_69d02842ad3de7_96729355 { \n\ttext-align:left; \n\tmargin-top:0px; \n\tmargin-bottom:38px; \n} \n\n#cmsmasters_heading_69d02842ad3de7_96729355 .cmsmasters_heading { \n\ttext-align:left; \n} \n\n#cmsmasters_heading_69d02842ad3de7_96729355 .cmsmasters_heading, #cmsmasters_heading_69d02842ad3de7_96729355 .cmsmasters_heading a { \n\tfont-size:24px; \n\tline-height:36px; \n\tfont-weight:300; \n\tfont-style:normal; \n\tcolor:#ffffff;\n} \n\n#cmsmasters_heading_69d02842ad3de7_96729355 .cmsmasters_heading_divider { \n} \n\n \n#cmsmasters_heading_69d02842ad51d6_81992704 { \n\ttext-align:left; \n\tmargin-top:0px; \n\tmargin-bottom:35px; \n} \n\n#cmsmasters_heading_69d02842ad51d6_81992704 .cmsmasters_heading { \n\ttext-align:left; \n} \n\n#cmsmasters_heading_69d02842ad51d6_81992704 .cmsmasters_heading, #cmsmasters_heading_69d02842ad51d6_81992704 .cmsmasters_heading a { \n\tfont-size:24px; \n\tline-height:36px; \n\tfont-weight:300; \n\tfont-style:normal; \n\tcolor:#ffffff;\n} \n\n#cmsmasters_heading_69d02842ad51d6_81992704 .cmsmasters_heading_divider { \n} \n\n \n#cmsmasters_heading_69d02842ad68b7_44768079 { \n\ttext-align:left; \n\tmargin-top:0px; \n\tmargin-bottom:35px; \n} \n\n#cmsmasters_heading_69d02842ad68b7_44768079 .cmsmasters_heading { \n\ttext-align:left; \n} \n\n#cmsmasters_heading_69d02842ad68b7_44768079 .cmsmasters_heading, #cmsmasters_heading_69d02842ad68b7_44768079 .cmsmasters_heading a { \n\tfont-size:24px; \n\tline-height:36px; \n\tfont-weight:300; \n\tfont-style:normal; \n\tcolor:#ffffff;\n} \n\n#cmsmasters_heading_69d02842ad68b7_44768079 .cmsmasters_heading_divider { \n} \n\n \n#cmsmasters_row_69d02842ad71d6_83608848 { \n\tbackground-color:#7fc8b7;\n} \n\n#cmsmasters_row_69d02842ad71d6_83608848 .cmsmasters_row_outer_parent { \n\tpadding-top: 0px; \n} \n\n#cmsmasters_row_69d02842ad71d6_83608848 .cmsmasters_row_outer_parent { \n\tpadding-bottom: 3px; \n} \n\n#cmsmasters_row_69d02842ad71d6_83608848 .cmsmasters_row_inner.cmsmasters_row_fullwidth { \n\tpadding-left:3%; \n} \n#cmsmasters_row_69d02842ad71d6_83608848 .cmsmasters_row_inner.cmsmasters_row_fullwidth { \n\tpadding-right:3%; \n} \n \n#cmsmasters_divider_69d02842ad81b1_65653349 { \n\tborder-bottom-width:2px; \n\tborder-bottom-style:solid; \n\tpadding-top:3px; \n\tmargin-bottom:3px; \n\tborder-bottom-color:#7fc8b7;\n} \n<\/style><div id=\"cmsmasters_row_69d028429e8738_58149000\" class=\"cmsmasters_row cmsmasters_color_scheme_default cmsmasters_row_top_default cmsmasters_row_bot_default cmsmasters_row_boxed\">\n<div class=\"cmsmasters_row_outer_parent\">\n<div class=\"cmsmasters_row_outer\">\n<div class=\"cmsmasters_row_inner\">\n<div class=\"cmsmasters_row_margin\">\n<div class=\"cmsmasters_column one_half\">\n\n<div id=\"cmsmasters_heading_69d028429eb618_25893946\" class=\"cmsmasters_heading_wrap cmsmasters_heading_align_left\">\n\t<h6 class=\"cmsmasters_heading\">Pitanja? Komentari? Voljeli bismo \u010duti va\u0161e povratne informacije o Helath Club! Ispunite donja polja i pomognite nam da postanemo bolji<\/h6>\n<\/div>\n<div class=\"cmsmasters_contact_form\">\n<div class=\"wpcf7 no-js\" id=\"wpcf7-f4242-o1\" lang=\"en-GB\" dir=\"ltr\">\n<div class=\"screen-reader-response\"><p role=\"status\" aria-live=\"polite\" aria-atomic=\"true\"><\/p> <ul><\/ul><\/div>\n<form action=\"\/hr\/wp-json\/wp\/v2\/pages\/153#wpcf7-f4242-o1\" method=\"post\" class=\"wpcf7-form init\" aria-label=\"Contact form\" novalidate=\"novalidate\" data-status=\"init\" data-trp-original-action=\"\/hr\/wp-json\/wp\/v2\/pages\/153#wpcf7-f4242-o1\">\n<div style=\"display: none;\">\n<input type=\"hidden\" name=\"_wpcf7\" value=\"4242\" \/>\n<input type=\"hidden\" name=\"_wpcf7_version\" value=\"5.8.7\" \/>\n<input type=\"hidden\" name=\"_wpcf7_locale\" value=\"en_GB\" \/>\n<input type=\"hidden\" name=\"_wpcf7_unit_tag\" value=\"wpcf7-f4242-o1\" \/>\n<input type=\"hidden\" name=\"_wpcf7_container_post\" value=\"0\" \/>\n<input type=\"hidden\" name=\"_wpcf7_posted_data_hash\" value=\"\" \/>\n<\/div>\n<p><label> Va\u0161e ime (obavezno)<br \/>\n<span class=\"wpcf7-form-control-wrap\" data-name=\"your-name\"><input size=\"40\" class=\"wpcf7-form-control wpcf7-text wpcf7-validates-as-required\" aria-required=\"true\" aria-invalid=\"false\" value=\"\" type=\"text\" name=\"your-name\" \/><\/span> <\/label>\n<\/p>\n<p><label> Va\u0161 email (obavezno)<br \/>\n<span class=\"wpcf7-form-control-wrap\" data-name=\"your-email\"><input size=\"40\" class=\"wpcf7-form-control wpcf7-email wpcf7-validates-as-required wpcf7-text wpcf7-validates-as-email\" aria-required=\"true\" aria-invalid=\"false\" value=\"\" type=\"email\" name=\"your-email\" \/><\/span> <\/label>\n<\/p>\n<p><label> Subjekt<br \/>\n<span class=\"wpcf7-form-control-wrap\" data-name=\"your-subject\"><input size=\"40\" class=\"wpcf7-form-control wpcf7-text\" aria-invalid=\"false\" value=\"\" type=\"text\" name=\"your-subject\" \/><\/span> <\/label>\n<\/p>\n<p><label> Va\u0161a poruka<br \/>\n<span class=\"wpcf7-form-control-wrap\" data-name=\"your-message\"><textarea cols=\"40\" rows=\"10\" class=\"wpcf7-form-control wpcf7-textarea\" aria-invalid=\"false\" name=\"your-message\"><\/textarea><\/span> <\/label>\n<\/p>\n<p><input class=\"wpcf7-form-control wpcf7-submit has-spinner\" type=\"submit\" value=\"Po\u0161alji\" \/>\n<\/p><div class=\"wpcf7-response-output\" aria-hidden=\"true\"><\/div>\n<input type=\"hidden\" name=\"trp-form-language\" value=\"hr\"\/><\/form>\n<\/div>\n<\/div>\n<\/div>\n<div class=\"cmsmasters_column one_half\">\n<p><script type=\"text\/javascript\">jQuery(document).ready(function () { jQuery(\"#google_map_69d02842aca2c8_11041241\").gMap( { latitude: 45.805442,longitude: 15.976099,maptype: \"ROADMAP\", zoom: 15, scrollwheel: true, doubleClickZoom: true, controls: {panControl: true, zoomControl: true, mapTypeControl: true, scaleControl: true, streetViewControl: true, overviewMapControl: true, },markers: [{address: \"Esplanade Zagreb Hotel\",},] } ); } );<\/script>\n<div class=\"resizable_block\">\n<div id=\"google_map_69d02842aca2c8_11041241\" class=\"google_map\"><\/div>\n<\/div>\n\n<div id=\"cmsmasters_divider_69d02842aca7b3_92119185\" class=\"cmsmasters_divider cmsmasters_divider_width_long cmsmasters_divider_pos_center\"><\/div>\n<div class=\"cmsmasters_text\">\n<p>U samom srcu zagreba\u010dkih ulica, u najljep\u0161em hotelu u Zagrebu, nalazi se oaza mira i relaksacije samo za Vas. Ekskluzivnost i njega su privilegije i dragocjenosti dana\u0161njeg vremena. Do\u017eivite nezaboravne, opu\u0161taju\u0107e trenutke koji \u0107e obogatiti sva Va\u0161a osjetila.\n\u017delite vje\u017ebati uz individualan pristup visoko kvalificiranih trenera ili se \u017eelite prepustiti toplim rukama stru\u010dnih masera i terapeuta - mi smo Va\u0161e rje\u0161enje.<\/p>\n<\/div>\n \n<ul id=\"cmsmasters_icon_list_items_69d02842acad98_38133524\" class=\"cmsmasters_icon_list_items cmsmasters_icon_list_type_list cmsmasters_icon_list_pos_left cmsmasters_color_type_border\"><li id=\"cmsmasters_icon_list_item_69d02842acb550_84388247\" class=\"cmsmasters_icon_list_item cmsmasters-icon-location-3\">Ul. Antuna Mihanovi\u0107a 1, 10000, Zagreb, Croatia<\/li><li id=\"cmsmasters_icon_list_item_69d02842acb791_48474515\" class=\"cmsmasters_icon_list_item cmsmasters-icon-phone-alt\">00385 1 4566 059<\/li><li id=\"cmsmasters_icon_list_item_69d02842acb964_72656839\" class=\"cmsmasters_icon_list_item cmsmasters-icon-envelope-letter\">esplanade@healthclub-esplanade.com<\/li><li id=\"cmsmasters_icon_list_item_69d02842acbb22_08555832\" class=\"cmsmasters_icon_list_item cmsmasters-icon-envelope-letter\">info@healthclub-esplanade.com<\/li><\/ul>\n<\/div>\n<\/div>\n<\/div>\n<\/div>\n<\/div>\n<\/div>\n<div id=\"cmsmasters_row_69d02842acbf44_34608298\" class=\"cmsmasters_row cmsmasters_color_scheme_default cmsmasters_row_top_default cmsmasters_row_bot_default cmsmasters_row_boxed\">\n<div class=\"cmsmasters_row_outer_parent\">\n<div class=\"cmsmasters_row_outer\">\n<div class=\"cmsmasters_row_inner\">\n<div class=\"cmsmasters_row_margin\">\n<div class=\"cmsmasters_column one_fourth\">\n<div class=\"cmsmasters_img  cmsmasters_image_n\">\n<img decoding=\"async\" src=\"https:\/\/healthclub-esplanade.com\/wp-content\/uploads\/2019\/05\/HC_novi-logo-black-trans-200x50.png\" \/>\n<\/div>\n\n<div id=\"cmsmasters_divider_69d02842ad1472_81618510\" class=\"cl\"><\/div>\n\n<div id=\"cmsmasters_heading_69d02842ad19c8_76146475\" class=\"cmsmasters_heading_wrap cmsmasters_heading_align_left\" data-animation=\"fadeInUp\" data-delay=\"400\">\n\t<h3 class=\"cmsmasters_heading\">Antuna Mihanovi\u0107a 1<\/h3>\n<\/div>\n<div id=\"cmsmasters_heading_69d02842ad1dc3_92905022\" class=\"cmsmasters_heading_wrap cmsmasters_heading_align_left\" data-animation=\"fadeInUp\" data-delay=\"400\">\n\t<h3 class=\"cmsmasters_heading\">10 000 Zagreb<\/h3>\n<\/div>\n<div id=\"cmsmasters_heading_69d02842ad21f4_39654251\" class=\"cmsmasters_heading_wrap cmsmasters_heading_align_left\" data-animation=\"fadeInUp\" data-delay=\"400\">\n\t<h3 class=\"cmsmasters_heading\">00385 1 4566 059<\/h3>\n<\/div>\n<div id=\"cmsmasters_heading_69d02842ad2569_81046369\" class=\"cmsmasters_heading_wrap cmsmasters_heading_align_left\" data-animation=\"fadeInUp\" data-delay=\"400\">\n\t<h3 class=\"cmsmasters_heading\">esplanade@healthclub-esplanade.com<\/h3>\n<\/div>\n<div id=\"cmsmasters_heading_69d02842ad2887_52514827\" class=\"cmsmasters_heading_wrap cmsmasters_heading_align_left\" data-animation=\"fadeInUp\" data-delay=\"400\">\n\t<h3 class=\"cmsmasters_heading\">info@healthclub-esplanade.com<\/h3>\n<\/div>\n\n<div id=\"cmsmasters_divider_69d02842ad2ab7_88498735\" class=\"cl\"><\/div>\n\n<div id=\"cmsmasters_button_69d02842ad2d36_78895380\" class=\"button_wrap\"><a href=\"https:\/\/www.google.com\/maps\/place\/Esplanade+Zagreb+Hotel\/@45.8053938,15.973823,17z\/data=!3m1!4b1!4m5!3m4!1s0x4765d6f9c2ec83fb:0x5e3dc3ef92e0d812!8m2!3d45.8053938!4d15.9760117\" class=\"cmsmasters_button\" data-animation=\"fadeInUp\" data-delay=\"500\" target=\"_blank\"><span>Lokacija<\/span><\/a><\/div>\n<\/div>\n<div class=\"cmsmasters_column one_fourth\">\n\n<div id=\"cmsmasters_heading_69d02842ad3de7_96729355\" class=\"cmsmasters_heading_wrap cmsmasters_heading_align_left\" data-animation=\"fadeInUp\" data-delay=\"400\">\n\t<h3 class=\"cmsmasters_heading\">Radno vrijeme<\/h3>\n<\/div><div class=\"cmsmasters_text\" data-animation=\"fadeInUp\" data-delay=\"400\">\n<div class=\"cmsmasters_text fadeInUp animated\">\n<h6><span style=\"color: #7fc8b7;\">Ponedjeljak - Petak\u00a0<span style=\"color: #ffffff;\">10:00-22:00<\/span><\/span><\/h6>\n<h6><span style=\"color: #7fc8b7;\">Subota <span style=\"color: #ffffff;\">14:00-22:00<\/span><\/span><\/h6>\n<h6><span style=\"color: #7fc8b7;\">Nedelja<span style=\"color: #ffffff;\"> 14:00-20:00<\/span><\/span><\/h6>\n<\/div>\n<\/div>\n<\/div>\n<div class=\"cmsmasters_column one_fourth\">\n\n<div id=\"cmsmasters_heading_69d02842ad51d6_81992704\" class=\"cmsmasters_heading_wrap cmsmasters_heading_align_left\" data-animation=\"fadeInUp\" data-delay=\"400\">\n\t<h3 class=\"cmsmasters_heading\">Usluge<\/h3>\n<\/div><div class=\"cmsmasters_text\" data-animation=\"fadeInUp\" data-delay=\"400\">\n<div class=\"cmsmasters_text fadeInUp animated\">\n<p><a href=\"http:\/\/healthclub-esplanade.com\/hr\/massages-treatments\/\">Masa\u017ee i Tretmani<\/a><\/p>\n<p><a href=\"http:\/\/healthclub-esplanade.com\/hr\/face-care\/\">Njega lica<\/a><\/p>\n<p><a href=\"http:\/\/healthclub-esplanade.com\/hr\/final-touch\/\">Final touch<\/a><\/p>\n<p><a href=\"http:\/\/healthclub-esplanade.com\/hr\/gym\/\">Gym<\/a><\/p>\n<p><a href=\"http:\/\/healthclub-esplanade.com\/hr\/sauna\/\">Sauna<\/a><\/p>\n<p><a href=\"http:\/\/healthclub-esplanade.com\/hr\/members\/\">\u010clanovi<\/a><\/p>\n<\/div>\n<\/div>\n<\/div>\n<div class=\"cmsmasters_column one_fourth\">\n\n<div id=\"cmsmasters_heading_69d02842ad68b7_44768079\" class=\"cmsmasters_heading_wrap cmsmasters_heading_align_left\" data-animation=\"fadeInUp\" data-delay=\"400\">\n\t<h3 class=\"cmsmasters_heading\">Konekcije<\/h3>\n<\/div><div class=\"cmsmasters_text\" data-animation=\"fadeInUp\" data-delay=\"400\">\n<p><span style=\"font-size: 14px; line-height: 10px; font-weight: 300;\"><a href=\"#\">Facebook<\/a><\/span><\/p>\n<p><span style=\"font-size: 14px; line-height: 10px; font-weight: 300;\"><a href=\"#\">Twitter<\/a><\/span><\/p>\n<p><span style=\"font-size: 14px; line-height: 10px; font-weight: 300;\"><a href=\"#\">Instagram<\/a><br \/>\n<\/span><\/p>\n<p><span style=\"font-size: 14px; line-height: 10px; font-weight: 300;\"><a href=\"#\">Skype<\/a><\/span><\/p>\n<p><a href=\"#\">Google+<\/a><\/p>\n<\/div>\n<\/div>\n<\/div>\n<\/div>\n<\/div>\n<\/div>\n<\/div>\n<div id=\"cmsmasters_row_69d02842ad71d6_83608848\" class=\"cmsmasters_row cmsmasters_color_scheme_default cmsmasters_row_top_default cmsmasters_row_bot_default cmsmasters_row_fullwidth\">\n<div class=\"cmsmasters_row_outer_parent\">\n<div class=\"cmsmasters_row_outer\">\n<div class=\"cmsmasters_row_inner cmsmasters_row_fullwidth cmsmasters_row_no_margin\">\n<div class=\"cmsmasters_row_margin\">\n<div class=\"cmsmasters_column one_first\">\n\n<div id=\"cmsmasters_divider_69d02842ad81b1_65653349\" class=\"cmsmasters_divider cmsmasters_divider_width_long cmsmasters_divider_pos_center\"><\/div>\n<\/div>\n<\/div>\n<\/div>\n<\/div>\n<\/div>\n<\/div>","protected":false},"excerpt":{"rendered":"","protected":false},"author":1,"featured_media":0,"parent":0,"menu_order":0,"comment_status":"closed","ping_status":"closed","template":"","meta":{"footnotes":""},"yoast_head":"<!-- This site is optimized with the Yoast SEO plugin v22.0 - https:\/\/yoast.com\/wordpress\/plugins\/seo\/ -->\n<title>\u0421ontact - HealthClub at Esplanade Zagreb<\/title>\n<meta name=\"robots\" content=\"index, follow, max-snippet:-1, max-image-preview:large, max-video-preview:-1\" \/>\n<link rel=\"canonical\" href=\"https:\/\/healthclub-esplanade.com\/hr\/\u0441ontact\/\" \/>\n<meta property=\"og:locale\" content=\"hr_HR\" \/>\n<meta property=\"og:type\" content=\"article\" \/>\n<meta property=\"og:title\" content=\"\u0421ontact - HealthClub at Esplanade Zagreb\" \/>\n<meta property=\"og:url\" content=\"https:\/\/healthclub-esplanade.com\/hr\/\u0441ontact\/\" \/>\n<meta property=\"og:site_name\" content=\"HealthClub at Esplanade Zagreb\" \/>\n<meta property=\"article:modified_time\" content=\"2019-05-16T23:58:02+00:00\" \/>\n<meta name=\"twitter:card\" content=\"summary_large_image\" \/>\n<meta name=\"twitter:label1\" content=\"Procijenjeno vrijeme \u010ditanja\" \/>\n\t<meta name=\"twitter:data1\" content=\"4 minute\" \/>\n<script type=\"application\/ld+json\" class=\"yoast-schema-graph\">{\"@context\":\"https:\/\/schema.org\",\"@graph\":[{\"@type\":\"WebPage\",\"@id\":\"https:\/\/healthclub-esplanade.com\/%d1%81ontact\/\",\"url\":\"https:\/\/healthclub-esplanade.com\/%d1%81ontact\/\",\"name\":\"\u0421ontact - HealthClub at Esplanade Zagreb\",\"isPartOf\":{\"@id\":\"https:\/\/healthclub-esplanade.com\/#website\"},\"datePublished\":\"2015-07-20T12:12:31+00:00\",\"dateModified\":\"2019-05-16T23:58:02+00:00\",\"breadcrumb\":{\"@id\":\"https:\/\/healthclub-esplanade.com\/%d1%81ontact\/#breadcrumb\"},\"inLanguage\":\"hr\",\"potentialAction\":[{\"@type\":\"ReadAction\",\"target\":[\"https:\/\/healthclub-esplanade.com\/%d1%81ontact\/\"]}]},{\"@type\":\"BreadcrumbList\",\"@id\":\"https:\/\/healthclub-esplanade.com\/%d1%81ontact\/#breadcrumb\",\"itemListElement\":[{\"@type\":\"ListItem\",\"position\":1,\"name\":\"Home\",\"item\":\"https:\/\/healthclub-esplanade.com\/\"},{\"@type\":\"ListItem\",\"position\":2,\"name\":\"\u0421ontact\"}]},{\"@type\":\"WebSite\",\"@id\":\"https:\/\/healthclub-esplanade.com\/#website\",\"url\":\"https:\/\/healthclub-esplanade.com\/\",\"name\":\"HealthClub at Esplanade Zagreb\",\"description\":\"HealthClub at Esplanade Zagreb\",\"publisher\":{\"@id\":\"https:\/\/healthclub-esplanade.com\/#organization\"},\"potentialAction\":[{\"@type\":\"SearchAction\",\"target\":{\"@type\":\"EntryPoint\",\"urlTemplate\":\"https:\/\/healthclub-esplanade.com\/?s={search_term_string}\"},\"query-input\":\"required name=search_term_string\"}],\"inLanguage\":\"hr\"},{\"@type\":\"Organization\",\"@id\":\"https:\/\/healthclub-esplanade.com\/#organization\",\"name\":\"HealthClub at Esplanade Zagreb\",\"url\":\"https:\/\/healthclub-esplanade.com\/\",\"logo\":{\"@type\":\"ImageObject\",\"inLanguage\":\"hr\",\"@id\":\"https:\/\/healthclub-esplanade.com\/#\/schema\/logo\/image\/\",\"url\":\"https:\/\/healthclub-esplanade.com\/wp-content\/uploads\/2019\/05\/HC_novi-logo-black-trans-300x75.png\",\"contentUrl\":\"https:\/\/healthclub-esplanade.com\/wp-content\/uploads\/2019\/05\/HC_novi-logo-black-trans-300x75.png\",\"width\":300,\"height\":75,\"caption\":\"HealthClub at Esplanade Zagreb\"},\"image\":{\"@id\":\"https:\/\/healthclub-esplanade.com\/#\/schema\/logo\/image\/\"}}]}<\/script>\n<!-- \/ Yoast SEO plugin. -->","yoast_head_json":{"title":"\u0421ontact - HealthClub at Esplanade Zagreb","robots":{"index":"index","follow":"follow","max-snippet":"max-snippet:-1","max-image-preview":"max-image-preview:large","max-video-preview":"max-video-preview:-1"},"canonical":"https:\/\/healthclub-esplanade.com\/hr\/\u0441ontact\/","og_locale":"hr_HR","og_type":"article","og_title":"\u0421ontact - HealthClub at Esplanade Zagreb","og_url":"https:\/\/healthclub-esplanade.com\/hr\/\u0441ontact\/","og_site_name":"HealthClub at Esplanade Zagreb","article_modified_time":"2019-05-16T23:58:02+00:00","twitter_card":"summary_large_image","twitter_misc":{"Procijenjeno vrijeme \u010ditanja":"4 minute"},"schema":{"@context":"https:\/\/schema.org","@graph":[{"@type":"WebPage","@id":"https:\/\/healthclub-esplanade.com\/%d1%81ontact\/","url":"https:\/\/healthclub-esplanade.com\/%d1%81ontact\/","name":"\u0421ontact - HealthClub at Esplanade Zagreb","isPartOf":{"@id":"https:\/\/healthclub-esplanade.com\/#website"},"datePublished":"2015-07-20T12:12:31+00:00","dateModified":"2019-05-16T23:58:02+00:00","breadcrumb":{"@id":"https:\/\/healthclub-esplanade.com\/%d1%81ontact\/#breadcrumb"},"inLanguage":"hr","potentialAction":[{"@type":"ReadAction","target":["https:\/\/healthclub-esplanade.com\/%d1%81ontact\/"]}]},{"@type":"BreadcrumbList","@id":"https:\/\/healthclub-esplanade.com\/%d1%81ontact\/#breadcrumb","itemListElement":[{"@type":"ListItem","position":1,"name":"Home","item":"https:\/\/healthclub-esplanade.com\/"},{"@type":"ListItem","position":2,"name":"\u0421ontact"}]},{"@type":"WebSite","@id":"https:\/\/healthclub-esplanade.com\/#website","url":"https:\/\/healthclub-esplanade.com\/","name":"HealthClub at Esplanade Zagreb","description":"HealthClub at Esplanade Zagreb","publisher":{"@id":"https:\/\/healthclub-esplanade.com\/#organization"},"potentialAction":[{"@type":"SearchAction","target":{"@type":"EntryPoint","urlTemplate":"https:\/\/healthclub-esplanade.com\/?s={search_term_string}"},"query-input":"required name=search_term_string"}],"inLanguage":"hr"},{"@type":"Organization","@id":"https:\/\/healthclub-esplanade.com\/#organization","name":"HealthClub at Esplanade Zagreb","url":"https:\/\/healthclub-esplanade.com\/","logo":{"@type":"ImageObject","inLanguage":"hr","@id":"https:\/\/healthclub-esplanade.com\/#\/schema\/logo\/image\/","url":"https:\/\/healthclub-esplanade.com\/wp-content\/uploads\/2019\/05\/HC_novi-logo-black-trans-300x75.png","contentUrl":"https:\/\/healthclub-esplanade.com\/wp-content\/uploads\/2019\/05\/HC_novi-logo-black-trans-300x75.png","width":300,"height":75,"caption":"HealthClub at Esplanade Zagreb"},"image":{"@id":"https:\/\/healthclub-esplanade.com\/#\/schema\/logo\/image\/"}}]}},"_links":{"self":[{"href":"https:\/\/healthclub-esplanade.com\/hr\/wp-json\/wp\/v2\/pages\/153"}],"collection":[{"href":"https:\/\/healthclub-esplanade.com\/hr\/wp-json\/wp\/v2\/pages"}],"about":[{"href":"https:\/\/healthclub-esplanade.com\/hr\/wp-json\/wp\/v2\/types\/page"}],"author":[{"embeddable":true,"href":"https:\/\/healthclub-esplanade.com\/hr\/wp-json\/wp\/v2\/users\/1"}],"replies":[{"embeddable":true,"href":"https:\/\/healthclub-esplanade.com\/hr\/wp-json\/wp\/v2\/comments?post=153"}],"version-history":[{"count":17,"href":"https:\/\/healthclub-esplanade.com\/hr\/wp-json\/wp\/v2\/pages\/153\/revisions"}],"predecessor-version":[{"id":4412,"href":"https:\/\/healthclub-esplanade.com\/hr\/wp-json\/wp\/v2\/pages\/153\/revisions\/4412"}],"wp:attachment":[{"href":"https:\/\/healthclub-esplanade.com\/hr\/wp-json\/wp\/v2\/media?parent=153"}],"curies":[{"name":"wp","href":"https:\/\/api.w.org\/{rel}","templated":true}]}}