{"id":3,"date":"2019-01-21T17:48:04","date_gmt":"2019-01-21T16:48:04","guid":{"rendered":"http:\/\/healthclub-esplanade.com\/?page_id=3"},"modified":"2019-06-11T08:51:48","modified_gmt":"2019-06-11T06:51:48","slug":"privacy-policy","status":"publish","type":"page","link":"https:\/\/healthclub-esplanade.com\/hr\/privacy-policy\/","title":{"rendered":"Politika privatnosti"},"content":{"rendered":"<style type=\"text\/css\"><\/style><p class=\"translation-block\">Slu\u017ebenom web stranicom trgova\u010dkog dru\u0161tva NAL \u0160PORT d.o.o. sa sjedi\u0161tem u Zagrebu, na adresi\nBrune Bu\u0161i\u0107a 42., <br>zastupano po direktoru Nirvani Jovi\u0107, te pristupom na na\u0161u web stranicu potvr\u0111ujete\nda ste pro\u010ditali, razumjeli i da se sla\u017eete sa svim uvjetima povjerljivosti podataka i na\u010dinima kori\u0161tenja.\nVa\u0161i osobni podaci kao \u0161to su: ime i prezime, adresa, telefonski broj ili e-mail adresa ne prikupljaju se\npregledavanjem na\u0161e slu\u017ebene web stranice.<br>\nNAL \u0160PORT d.o.o. prikupljaju podatke o klijentima koji su potrebni za ispunjenje usluga koje pru\u017eamo\ni obvezujemo se za\u0161tititi osobne podatke sada\u0161njih i budu\u0107ih korisnika u skladu sa Zakonom o za\u0161titi\nosobnih podataka (Op\u0107oj uredbi o za\u0161titi podataka, Zakonu o provedbi Op\u0107e uredbe N\/N, broj\u00a042\/18\niN\/N broj 103\/03, 118\/06, 41\/08, 130\/11, 106\/12-van snage). Svi se podaci o klijentima strogo \u010duvaju\ni dostupni su samo zaposlenima kojima su ti podaci nu\u017eni u obavljanju svojih du\u017enosti. Svi zaposlenici\nNAL \u0160PORT d.o.o. su odgovorni su za po\u0161tivanje na\u010dela za\u0161tite povjerljivosti.\nNAL \u0160PORT d.o.o. prije zaprimljenih podataka klijente informira o na\u010dinu kori\u0161tenja prikupljenih\npodataka, daje korisnicima mogu\u0107nost izbora o upotrebi njihovih podataka, uklju\u010duju\u0107i mogu\u0107nost\nodluke \u017eele li ili ne da se njihovo ime ukloni s lista koje se mogu koristiti za marketin\u0161ke kampanje.<br>\nNi pod kojim uvjetima ne\u0107emo bez va\u0161e izravne suglasnosti prenijeti, prodati ili ustupiti osobne\npodatke klijenata tre\u0107im stranama, osim u slu\u010dajevima u kojima bi se to zahtijevalo od nas na na\u010din i\npod uvjetima utvr\u0111enim posebnim zakonima.\nSva pitanja u vezi s obradom osobnih podataka, eventualne pritu\u017ebe, zahtjeve za brisanje, a\u017euriranje i\nispravak osobnih podataka molimo uputiti prema slu\u017ebeniku za za\u0161titu osobnih podataka.<\/p>\n<p><strong>Za\u0161tita osobnih podataka<\/strong><\/p>\n<p class=\"translation-block\">Zakonom o za\u0161titi osobnih podataka (Op\u0107oj uredbi o za\u0161titi podataka, Zakonu o provedbi <br> Op\u0107e uredbe\nN\/N, broj\u00a042\/18 iN\/N broj 103\/03, 118\/06, 41\/08, 130\/11, 106\/12-van snage) ure\u0111uje se za\u0161tita\nosobnih podataka o fizi\u010dkim osobama te nadzor nad prikupljanjem, obradom i kori\u0161tenjem osobnih\npodataka u Republici Hrvatskoj. Svrha za\u0161tite osobnih podataka je za\u0161tita privatnog \u017eivota i ostalih\nljudskih prava i temeljnih sloboda u prikupljanju, obradi i kori\u0161tenju osobnih podataka.\nZa\u0161tita osobnih podataka u Republici Hrvatskoj osigurana je svakoj fizi\u010dkoj osobi bez obzira na\ndr\u017eavljanstvo i prebivali\u0161te te neovisno o rasi, boji ko\u017ee, spolu, jeziku, vjeri, politi\u010dkom ili drugom\nuvjerenju, nacionalnom ili socijalnom podrijetlu, imovini, ro\u0111enju, naobrazbi, dru\u0161tvenom polo\u017eaju ili\ndrugim osobinama.<br>\nSlu\u017ebenik za za\u0161titu osobnih podataka vodi brigu o zakonitosti obrade osobnih podataka i ostvarivanju\nprava na za\u0161titu osobnih podataka,vodi brigu o zakonitosti obrade osobnih podataka u smislu\npo\u0161tivanja odredbi Zakona o za\u0161titi osobnih podataka i ostalih propisa koji ure\u0111uju pitanja obrade\nosobnih podataka,upozorava voditelja zbirke osobnih podataka na nu\u017enost primjene propisa o za\u0161titi\nosobnih podataka u slu\u010dajevima planiranja i radnji koje mogu imati utjecaj na pitanja privatnosti i\nza\u0161titu osobnih podataka,upoznaje sve osobe zaposlene u obradi osobnih podataka s njihovim\nzakonskim obvezama u svrhu za\u0161tite osobnih podataka,sura\u0111uje s Agencijom za za\u0161titu osobnih\npodataka u vezi s provedbom nadzora nad obradom osobnih podataka.<br>\nSlu\u017ebenik za za\u0161titu osobnih podataka du\u017ean je \u010duvati povjerljivost svih informacija i podataka koje\nsazna u obavljanju svojih du\u017enosti, a ta obveza traje i nakon prestanka obavljanja du\u017enosti slu\u017ebenika\nza za\u0161titu osobnih podataka.<\/p>","protected":false},"excerpt":{"rendered":"<p>By use of the web-site of the NAL \u0160PORT Ltd. with its headquarters in Zagreb, Brune Bu\u0161i\u0107a 42, represented by its Managing Director Nirvana Jovi\u0107 and by access to our&#8230;<\/p>","protected":false},"author":1,"featured_media":0,"parent":0,"menu_order":0,"comment_status":"closed","ping_status":"open","template":"","meta":{"footnotes":""},"yoast_head":"<!-- This site is optimized with the Yoast SEO plugin v22.0 - https:\/\/yoast.com\/wordpress\/plugins\/seo\/ -->\n<title>Privacy Policy - HealthClub at Esplanade Zagreb<\/title>\n<meta name=\"robots\" content=\"index, follow, max-snippet:-1, max-image-preview:large, max-video-preview:-1\" \/>\n<link rel=\"canonical\" href=\"https:\/\/healthclub-esplanade.com\/hr\/privacy-policy\/\" \/>\n<meta property=\"og:locale\" content=\"hr_HR\" \/>\n<meta property=\"og:type\" content=\"article\" \/>\n<meta property=\"og:title\" content=\"Privacy Policy - HealthClub at Esplanade Zagreb\" \/>\n<meta property=\"og:description\" content=\"By use of the web-site of the NAL \u0160PORT Ltd. with its headquarters in Zagreb, Brune Bu\u0161i\u0107a 42, represented by its Managing Director Nirvana Jovi\u0107 and by access to our...\" \/>\n<meta property=\"og:url\" content=\"https:\/\/healthclub-esplanade.com\/hr\/privacy-policy\/\" \/>\n<meta property=\"og:site_name\" content=\"HealthClub at Esplanade Zagreb\" \/>\n<meta property=\"article:modified_time\" content=\"2019-06-11T06:51:48+00:00\" \/>\n<meta name=\"twitter:card\" content=\"summary_large_image\" \/>\n<meta name=\"twitter:label1\" content=\"Procijenjeno vrijeme \u010ditanja\" \/>\n\t<meta name=\"twitter:data1\" content=\"3 minute\" \/>\n<script type=\"application\/ld+json\" class=\"yoast-schema-graph\">{\"@context\":\"https:\/\/schema.org\",\"@graph\":[{\"@type\":\"WebPage\",\"@id\":\"https:\/\/healthclub-esplanade.com\/privacy-policy\/\",\"url\":\"https:\/\/healthclub-esplanade.com\/privacy-policy\/\",\"name\":\"Privacy Policy - HealthClub at Esplanade Zagreb\",\"isPartOf\":{\"@id\":\"https:\/\/healthclub-esplanade.com\/#website\"},\"datePublished\":\"2019-01-21T16:48:04+00:00\",\"dateModified\":\"2019-06-11T06:51:48+00:00\",\"breadcrumb\":{\"@id\":\"https:\/\/healthclub-esplanade.com\/privacy-policy\/#breadcrumb\"},\"inLanguage\":\"hr\",\"potentialAction\":[{\"@type\":\"ReadAction\",\"target\":[\"https:\/\/healthclub-esplanade.com\/privacy-policy\/\"]}]},{\"@type\":\"BreadcrumbList\",\"@id\":\"https:\/\/healthclub-esplanade.com\/privacy-policy\/#breadcrumb\",\"itemListElement\":[{\"@type\":\"ListItem\",\"position\":1,\"name\":\"Home\",\"item\":\"https:\/\/healthclub-esplanade.com\/\"},{\"@type\":\"ListItem\",\"position\":2,\"name\":\"Privacy Policy\"}]},{\"@type\":\"WebSite\",\"@id\":\"https:\/\/healthclub-esplanade.com\/#website\",\"url\":\"https:\/\/healthclub-esplanade.com\/\",\"name\":\"HealthClub at Esplanade Zagreb\",\"description\":\"HealthClub at Esplanade Zagreb\",\"publisher\":{\"@id\":\"https:\/\/healthclub-esplanade.com\/#organization\"},\"potentialAction\":[{\"@type\":\"SearchAction\",\"target\":{\"@type\":\"EntryPoint\",\"urlTemplate\":\"https:\/\/healthclub-esplanade.com\/?s={search_term_string}\"},\"query-input\":\"required name=search_term_string\"}],\"inLanguage\":\"hr\"},{\"@type\":\"Organization\",\"@id\":\"https:\/\/healthclub-esplanade.com\/#organization\",\"name\":\"HealthClub at Esplanade Zagreb\",\"url\":\"https:\/\/healthclub-esplanade.com\/\",\"logo\":{\"@type\":\"ImageObject\",\"inLanguage\":\"hr\",\"@id\":\"https:\/\/healthclub-esplanade.com\/#\/schema\/logo\/image\/\",\"url\":\"https:\/\/healthclub-esplanade.com\/wp-content\/uploads\/2019\/05\/HC_novi-logo-black-trans-300x75.png\",\"contentUrl\":\"https:\/\/healthclub-esplanade.com\/wp-content\/uploads\/2019\/05\/HC_novi-logo-black-trans-300x75.png\",\"width\":300,\"height\":75,\"caption\":\"HealthClub at Esplanade Zagreb\"},\"image\":{\"@id\":\"https:\/\/healthclub-esplanade.com\/#\/schema\/logo\/image\/\"}}]}<\/script>\n<!-- \/ Yoast SEO plugin. -->","yoast_head_json":{"title":"Privacy Policy - HealthClub at Esplanade Zagreb","robots":{"index":"index","follow":"follow","max-snippet":"max-snippet:-1","max-image-preview":"max-image-preview:large","max-video-preview":"max-video-preview:-1"},"canonical":"https:\/\/healthclub-esplanade.com\/hr\/privacy-policy\/","og_locale":"hr_HR","og_type":"article","og_title":"Privacy Policy - HealthClub at Esplanade Zagreb","og_description":"By use of the web-site of the NAL \u0160PORT Ltd. with its headquarters in Zagreb, Brune Bu\u0161i\u0107a 42, represented by its Managing Director Nirvana Jovi\u0107 and by access to our...","og_url":"https:\/\/healthclub-esplanade.com\/hr\/privacy-policy\/","og_site_name":"HealthClub at Esplanade Zagreb","article_modified_time":"2019-06-11T06:51:48+00:00","twitter_card":"summary_large_image","twitter_misc":{"Procijenjeno vrijeme \u010ditanja":"3 minute"},"schema":{"@context":"https:\/\/schema.org","@graph":[{"@type":"WebPage","@id":"https:\/\/healthclub-esplanade.com\/privacy-policy\/","url":"https:\/\/healthclub-esplanade.com\/privacy-policy\/","name":"Privacy Policy - HealthClub at Esplanade Zagreb","isPartOf":{"@id":"https:\/\/healthclub-esplanade.com\/#website"},"datePublished":"2019-01-21T16:48:04+00:00","dateModified":"2019-06-11T06:51:48+00:00","breadcrumb":{"@id":"https:\/\/healthclub-esplanade.com\/privacy-policy\/#breadcrumb"},"inLanguage":"hr","potentialAction":[{"@type":"ReadAction","target":["https:\/\/healthclub-esplanade.com\/privacy-policy\/"]}]},{"@type":"BreadcrumbList","@id":"https:\/\/healthclub-esplanade.com\/privacy-policy\/#breadcrumb","itemListElement":[{"@type":"ListItem","position":1,"name":"Home","item":"https:\/\/healthclub-esplanade.com\/"},{"@type":"ListItem","position":2,"name":"Privacy Policy"}]},{"@type":"WebSite","@id":"https:\/\/healthclub-esplanade.com\/#website","url":"https:\/\/healthclub-esplanade.com\/","name":"HealthClub at Esplanade Zagreb","description":"HealthClub at Esplanade Zagreb","publisher":{"@id":"https:\/\/healthclub-esplanade.com\/#organization"},"potentialAction":[{"@type":"SearchAction","target":{"@type":"EntryPoint","urlTemplate":"https:\/\/healthclub-esplanade.com\/?s={search_term_string}"},"query-input":"required name=search_term_string"}],"inLanguage":"hr"},{"@type":"Organization","@id":"https:\/\/healthclub-esplanade.com\/#organization","name":"HealthClub at Esplanade Zagreb","url":"https:\/\/healthclub-esplanade.com\/","logo":{"@type":"ImageObject","inLanguage":"hr","@id":"https:\/\/healthclub-esplanade.com\/#\/schema\/logo\/image\/","url":"https:\/\/healthclub-esplanade.com\/wp-content\/uploads\/2019\/05\/HC_novi-logo-black-trans-300x75.png","contentUrl":"https:\/\/healthclub-esplanade.com\/wp-content\/uploads\/2019\/05\/HC_novi-logo-black-trans-300x75.png","width":300,"height":75,"caption":"HealthClub at Esplanade Zagreb"},"image":{"@id":"https:\/\/healthclub-esplanade.com\/#\/schema\/logo\/image\/"}}]}},"_links":{"self":[{"href":"https:\/\/healthclub-esplanade.com\/hr\/wp-json\/wp\/v2\/pages\/3"}],"collection":[{"href":"https:\/\/healthclub-esplanade.com\/hr\/wp-json\/wp\/v2\/pages"}],"about":[{"href":"https:\/\/healthclub-esplanade.com\/hr\/wp-json\/wp\/v2\/types\/page"}],"author":[{"embeddable":true,"href":"https:\/\/healthclub-esplanade.com\/hr\/wp-json\/wp\/v2\/users\/1"}],"replies":[{"embeddable":true,"href":"https:\/\/healthclub-esplanade.com\/hr\/wp-json\/wp\/v2\/comments?post=3"}],"version-history":[{"count":5,"href":"https:\/\/healthclub-esplanade.com\/hr\/wp-json\/wp\/v2\/pages\/3\/revisions"}],"predecessor-version":[{"id":4612,"href":"https:\/\/healthclub-esplanade.com\/hr\/wp-json\/wp\/v2\/pages\/3\/revisions\/4612"}],"wp:attachment":[{"href":"https:\/\/healthclub-esplanade.com\/hr\/wp-json\/wp\/v2\/media?parent=3"}],"curies":[{"name":"wp","href":"https:\/\/api.w.org\/{rel}","templated":true}]}}