{"id":4513,"date":"2019-05-22T00:00:53","date_gmt":"2019-05-21T22:00:53","guid":{"rendered":"http:\/\/healthclub-esplanade.com\/?page_id=4513"},"modified":"2019-05-22T00:11:00","modified_gmt":"2019-05-21T22:11:00","slug":"general-information","status":"publish","type":"page","link":"https:\/\/healthclub-esplanade.com\/hr\/general-information\/","title":{"rendered":"Op\u0107e informacije"},"content":{"rendered":"<style type=\"text\/css\"><\/style><p class=\"translation-block\">Radno vrijeme\n<strong><br>\nPonedjeljak-petak:    10:00 - 22:00\nSubota:                    14:00 - 22:00\nNedjelja:                  14:00 - 22:00\n\nPosljednji tretman mo\u017ee biti organiziran najkasnije sat vremena prije kraja radnog vremena.<\/p>\n<p class=\"translation-block\">Pristup<br>\n<strong>Usluge HealthCluba mogu koristiti gosti hotela  Esplanade Zagreb i vanjski gosti koji imaju odobren pristup.<\/strong><\/p>\n<p class=\"translation-block\">Rezervacije<strong><br>\nKako bismo Vam osigurali termin i tretman koji \u017eelite, preporu\u010dujemo Vam da rezervaciju napravite prije dolaska u hotel. Kod rezervacije je potrebno prilo\u017eiti broj kreditne kartice, kako bi se osigurao siguran dolazak na zakazani tretman. <\/strong><\/p>\n<p><strong>Ako ste gost hotela Esplanade Zagreb, rezervaciju mo\u017eete napraviti na interni broj telefona 3559, a ako zovete izvan hotela, brojevi telefona su +385-1-4566-059 ili +385-91-4566-601.<\/strong><\/p>\n<p class=\"translation-block\">Dolazak na zakazani tretman<strong><br>\nPotrebno je prijaviti se na recepciju HealthCluba najmanje 15 minuta prije zakazanog termina, kako bi se izbjeglo skra\u0107ivanje trajanja tretmana. \n<\/strong><\/p>\n<p class=\"translation-block\">Otkaz rezervacije<strong><br>\nUkoliko \u017eelite promijeniti vrijeme Va\u0161eg ve\u0107 zakazanog tretmana, trebate nam se javiti najmanje 6 sati unaprijed. Zadr\u017eavamo pravo naplate 50% iznosa zakazanog tretmana, ukoliko tretman nije otkazan najmanje 3 sata unaprijed. Ako se ne pojavite na zakazanom tretmanu, bit \u0107e Vam u cijelosti napla\u0107en. <\/strong><\/p>\n<p class=\"translation-block\">Pla\u0107anje<strong><br>\nMo\u017eete platiti gotovinom i bilo kojom kreditnom karticom osim American Express. Cijene uklju\u010duju PDV. Zadr\u017eavamo pravo promjene cijena bez prethodne najave. <\/strong><\/p>\n<p class=\"translation-block\">Povrat novca<strong><br>\nZa kupljene usluge ili \u010dlanstvo nije mogu\u0107e zahtijevati povrat sredstava, prijenos usluge na drugu osobu ili zamjenu za neku drugu uslugu. \n<\/strong><\/p>\n<p class=\"translation-block\">Molimo ti\u0161inu<strong><br>\nKako bismo osigurali da svaki gost podjednako u\u017eiva u miru HealthCluba, lijepo molimo sve korisnike da buku svedu na minimum. <\/strong><\/p>\n<p class=\"translation-block\">Dodatna ponuda<strong><br>\nKod nas su Vam osigurani ogrta\u010d, \u0161lape i ru\u010dnici te sredstva za odr\u017eavanje higijene. Uz to \u0107emo Vam ponuditi vodu, \u010daj ili vo\u0107e za osvje\u017eenje. <\/strong><\/p>\n<p class=\"translation-block\">Vrijedne stvari<strong><br>\nPreporu\u010dujemo Vam da za vrijeme posjete HealthClubu ne nosite nakit. Osoblje HealthCluba ne preuzima odgovornost za izgubljene, otu\u0111ene ili o\u0161te\u0107ene vrijedne stvari ili novac. U garderobama imate osigurane ormari\u0107e s klju\u010dem, a u svojoj sobi sef. <\/strong><\/p>\n<p class=\"translation-block\">Pu\u0161enje i alkohol<strong><br>\nPu\u0161enje i konzumiranje alkohola u HealthClubu je strogo zabranjeno. Konzumacija alkohola se ne preporu\u010duje  prije kori\u0161tenja bilo koje od na\u0161ih usluga i mo\u017ee rezultirati otkazivanjem tretmana na Va\u0161u \u0161tetu. <\/strong><\/p>\n<p class=\"translation-block\">Ograni\u010denje pristupa<strong><br>\nOsobama mla\u0111im od 16 godina nije dozvoljen boravak u HealthClubu, ukoliko nisu u pratnji odrasle osobe odgovorne za njih. Lijepo Vas molimo za razumijevanje i po\u0161tivanje ovog pravila. <\/strong><\/p>\n<p class=\"translation-block\">Zahvala<strong><br>\nNa\u0161e cijene ne uklju\u010duju napojnice za terapeute i trenere. Ukoliko ste izuzetno zadovoljni uslugom, napojnicu mo\u017eete dati direktno osoblju. <\/strong><\/p>\n<p class=\"translation-block\">Poklon bon<strong><br>\nU ponudi su poklon bonovi za bilo koju na\u0161u uslugu. Poklon bonovi vrijede 3 mjeseca. Mo\u017eete ih naru\u010diti telefonom +385-91-4566-601 ili putem elektroni\u010dke po\u0161te. <\/strong><\/p>\n<p class=\"translation-block\">Posebna upozorenja<strong><br>\nTrudnicama te klijentima koji imaju visoki krvni tlak, sr\u010dane probleme ili bilo koji drugi zdravstveni problem se savjetuje da se prije kori\u0161tenja na\u0161ih usluga konzultiraju s lije\u010dnikom te da o tome obavijeste osoblje HealthCluba. <\/strong><\/p>","protected":false},"excerpt":{"rendered":"<p>Hours of operation HEALTH CLUB operates Monday to Friday from 10:00 to 22:00, Saturday from 14:00 to 22:00, Sunday from 14:00 to 20:00. The last service is booked one hour&#8230;<\/p>","protected":false},"author":2,"featured_media":0,"parent":0,"menu_order":0,"comment_status":"closed","ping_status":"closed","template":"","meta":{"footnotes":""},"yoast_head":"<!-- This site is optimized with the Yoast SEO plugin v22.0 - https:\/\/yoast.com\/wordpress\/plugins\/seo\/ -->\n<title>General information - HealthClub at Esplanade Zagreb<\/title>\n<meta name=\"robots\" content=\"index, follow, max-snippet:-1, max-image-preview:large, max-video-preview:-1\" \/>\n<link rel=\"canonical\" href=\"https:\/\/healthclub-esplanade.com\/hr\/general-information\/\" \/>\n<meta property=\"og:locale\" content=\"hr_HR\" \/>\n<meta property=\"og:type\" content=\"article\" \/>\n<meta property=\"og:title\" content=\"General information - HealthClub at Esplanade Zagreb\" \/>\n<meta property=\"og:description\" content=\"Hours of operation HEALTH CLUB operates Monday to Friday from 10:00 to 22:00, Saturday from 14:00 to 22:00, Sunday from 14:00 to 20:00. The last service is booked one hour...\" \/>\n<meta property=\"og:url\" content=\"https:\/\/healthclub-esplanade.com\/hr\/general-information\/\" \/>\n<meta property=\"og:site_name\" content=\"HealthClub at Esplanade Zagreb\" \/>\n<meta property=\"article:modified_time\" content=\"2019-05-21T22:11:00+00:00\" \/>\n<meta name=\"twitter:card\" content=\"summary_large_image\" \/>\n<meta name=\"twitter:label1\" content=\"Procijenjeno vrijeme \u010ditanja\" \/>\n\t<meta name=\"twitter:data1\" content=\"2 minute\" \/>\n<script type=\"application\/ld+json\" class=\"yoast-schema-graph\">{\"@context\":\"https:\/\/schema.org\",\"@graph\":[{\"@type\":\"WebPage\",\"@id\":\"https:\/\/healthclub-esplanade.com\/general-information\/\",\"url\":\"https:\/\/healthclub-esplanade.com\/general-information\/\",\"name\":\"General information - HealthClub at Esplanade Zagreb\",\"isPartOf\":{\"@id\":\"https:\/\/healthclub-esplanade.com\/#website\"},\"datePublished\":\"2019-05-21T22:00:53+00:00\",\"dateModified\":\"2019-05-21T22:11:00+00:00\",\"breadcrumb\":{\"@id\":\"https:\/\/healthclub-esplanade.com\/general-information\/#breadcrumb\"},\"inLanguage\":\"hr\",\"potentialAction\":[{\"@type\":\"ReadAction\",\"target\":[\"https:\/\/healthclub-esplanade.com\/general-information\/\"]}]},{\"@type\":\"BreadcrumbList\",\"@id\":\"https:\/\/healthclub-esplanade.com\/general-information\/#breadcrumb\",\"itemListElement\":[{\"@type\":\"ListItem\",\"position\":1,\"name\":\"Home\",\"item\":\"https:\/\/healthclub-esplanade.com\/\"},{\"@type\":\"ListItem\",\"position\":2,\"name\":\"General information\"}]},{\"@type\":\"WebSite\",\"@id\":\"https:\/\/healthclub-esplanade.com\/#website\",\"url\":\"https:\/\/healthclub-esplanade.com\/\",\"name\":\"HealthClub at Esplanade Zagreb\",\"description\":\"HealthClub at Esplanade Zagreb\",\"publisher\":{\"@id\":\"https:\/\/healthclub-esplanade.com\/#organization\"},\"potentialAction\":[{\"@type\":\"SearchAction\",\"target\":{\"@type\":\"EntryPoint\",\"urlTemplate\":\"https:\/\/healthclub-esplanade.com\/?s={search_term_string}\"},\"query-input\":\"required name=search_term_string\"}],\"inLanguage\":\"hr\"},{\"@type\":\"Organization\",\"@id\":\"https:\/\/healthclub-esplanade.com\/#organization\",\"name\":\"HealthClub at Esplanade Zagreb\",\"url\":\"https:\/\/healthclub-esplanade.com\/\",\"logo\":{\"@type\":\"ImageObject\",\"inLanguage\":\"hr\",\"@id\":\"https:\/\/healthclub-esplanade.com\/#\/schema\/logo\/image\/\",\"url\":\"https:\/\/healthclub-esplanade.com\/wp-content\/uploads\/2019\/05\/HC_novi-logo-black-trans-300x75.png\",\"contentUrl\":\"https:\/\/healthclub-esplanade.com\/wp-content\/uploads\/2019\/05\/HC_novi-logo-black-trans-300x75.png\",\"width\":300,\"height\":75,\"caption\":\"HealthClub at Esplanade Zagreb\"},\"image\":{\"@id\":\"https:\/\/healthclub-esplanade.com\/#\/schema\/logo\/image\/\"}}]}<\/script>\n<!-- \/ Yoast SEO plugin. -->","yoast_head_json":{"title":"General information - HealthClub at Esplanade Zagreb","robots":{"index":"index","follow":"follow","max-snippet":"max-snippet:-1","max-image-preview":"max-image-preview:large","max-video-preview":"max-video-preview:-1"},"canonical":"https:\/\/healthclub-esplanade.com\/hr\/general-information\/","og_locale":"hr_HR","og_type":"article","og_title":"General information - HealthClub at Esplanade Zagreb","og_description":"Hours of operation HEALTH CLUB operates Monday to Friday from 10:00 to 22:00, Saturday from 14:00 to 22:00, Sunday from 14:00 to 20:00. The last service is booked one hour...","og_url":"https:\/\/healthclub-esplanade.com\/hr\/general-information\/","og_site_name":"HealthClub at Esplanade Zagreb","article_modified_time":"2019-05-21T22:11:00+00:00","twitter_card":"summary_large_image","twitter_misc":{"Procijenjeno vrijeme \u010ditanja":"2 minute"},"schema":{"@context":"https:\/\/schema.org","@graph":[{"@type":"WebPage","@id":"https:\/\/healthclub-esplanade.com\/general-information\/","url":"https:\/\/healthclub-esplanade.com\/general-information\/","name":"General information - HealthClub at Esplanade Zagreb","isPartOf":{"@id":"https:\/\/healthclub-esplanade.com\/#website"},"datePublished":"2019-05-21T22:00:53+00:00","dateModified":"2019-05-21T22:11:00+00:00","breadcrumb":{"@id":"https:\/\/healthclub-esplanade.com\/general-information\/#breadcrumb"},"inLanguage":"hr","potentialAction":[{"@type":"ReadAction","target":["https:\/\/healthclub-esplanade.com\/general-information\/"]}]},{"@type":"BreadcrumbList","@id":"https:\/\/healthclub-esplanade.com\/general-information\/#breadcrumb","itemListElement":[{"@type":"ListItem","position":1,"name":"Home","item":"https:\/\/healthclub-esplanade.com\/"},{"@type":"ListItem","position":2,"name":"General information"}]},{"@type":"WebSite","@id":"https:\/\/healthclub-esplanade.com\/#website","url":"https:\/\/healthclub-esplanade.com\/","name":"HealthClub at Esplanade Zagreb","description":"HealthClub at Esplanade Zagreb","publisher":{"@id":"https:\/\/healthclub-esplanade.com\/#organization"},"potentialAction":[{"@type":"SearchAction","target":{"@type":"EntryPoint","urlTemplate":"https:\/\/healthclub-esplanade.com\/?s={search_term_string}"},"query-input":"required name=search_term_string"}],"inLanguage":"hr"},{"@type":"Organization","@id":"https:\/\/healthclub-esplanade.com\/#organization","name":"HealthClub at Esplanade Zagreb","url":"https:\/\/healthclub-esplanade.com\/","logo":{"@type":"ImageObject","inLanguage":"hr","@id":"https:\/\/healthclub-esplanade.com\/#\/schema\/logo\/image\/","url":"https:\/\/healthclub-esplanade.com\/wp-content\/uploads\/2019\/05\/HC_novi-logo-black-trans-300x75.png","contentUrl":"https:\/\/healthclub-esplanade.com\/wp-content\/uploads\/2019\/05\/HC_novi-logo-black-trans-300x75.png","width":300,"height":75,"caption":"HealthClub at Esplanade Zagreb"},"image":{"@id":"https:\/\/healthclub-esplanade.com\/#\/schema\/logo\/image\/"}}]}},"_links":{"self":[{"href":"https:\/\/healthclub-esplanade.com\/hr\/wp-json\/wp\/v2\/pages\/4513"}],"collection":[{"href":"https:\/\/healthclub-esplanade.com\/hr\/wp-json\/wp\/v2\/pages"}],"about":[{"href":"https:\/\/healthclub-esplanade.com\/hr\/wp-json\/wp\/v2\/types\/page"}],"author":[{"embeddable":true,"href":"https:\/\/healthclub-esplanade.com\/hr\/wp-json\/wp\/v2\/users\/2"}],"replies":[{"embeddable":true,"href":"https:\/\/healthclub-esplanade.com\/hr\/wp-json\/wp\/v2\/comments?post=4513"}],"version-history":[{"count":3,"href":"https:\/\/healthclub-esplanade.com\/hr\/wp-json\/wp\/v2\/pages\/4513\/revisions"}],"predecessor-version":[{"id":4516,"href":"https:\/\/healthclub-esplanade.com\/hr\/wp-json\/wp\/v2\/pages\/4513\/revisions\/4516"}],"wp:attachment":[{"href":"https:\/\/healthclub-esplanade.com\/hr\/wp-json\/wp\/v2\/media?parent=4513"}],"curies":[{"name":"wp","href":"https:\/\/api.w.org\/{rel}","templated":true}]}}